{"id":708,"date":"2024-06-06T13:00:06","date_gmt":"2024-06-06T11:00:06","guid":{"rendered":"https:\/\/wfinanzas.witdesarrollo.es\/a-propos-de-nous\/"},"modified":"2024-06-17T13:17:16","modified_gmt":"2024-06-17T11:17:16","slug":"a-propos-de-nous","status":"publish","type":"page","link":"https:\/\/wfinanzas.es\/fr\/a-propos-de-nous\/","title":{"rendered":"\u00c0 propos de nous"},"content":{"rendered":"\t\t<div data-elementor-type=\"wp-page\" data-elementor-id=\"708\" class=\"elementor elementor-708 elementor-13\" data-elementor-post-type=\"page\">\n\t\t\t\t<div class=\"elementor-element elementor-element-168d8b3 e-flex e-con-boxed e-con e-parent\" data-id=\"168d8b3\" data-element_type=\"container\" data-e-type=\"container\">\n\t\t\t\t\t<div class=\"e-con-inner\">\n\t\t<div class=\"elementor-element elementor-element-6611ebd e-con-full e-flex e-con e-child\" data-id=\"6611ebd\" data-element_type=\"container\" data-e-type=\"container\">\n\t\t\t\t<div class=\"elementor-element elementor-element-2b58c3f elementor-widget__width-initial elementor-widget-tablet__width-initial elementor-widget elementor-widget-heading\" data-id=\"2b58c3f\" data-element_type=\"widget\" data-e-type=\"widget\" data-widget_type=\"heading.default\">\n\t\t\t\t\t<h1 class=\"elementor-heading-title elementor-size-default\">A propos de<br> W Finance<\/h1>\t\t\t\t<\/div>\n\t\t\t\t<div class=\"elementor-element elementor-element-9363194 elementor-widget-divider--view-line elementor-widget elementor-widget-divider\" data-id=\"9363194\" data-element_type=\"widget\" data-e-type=\"widget\" data-widget_type=\"divider.default\">\n\t\t\t\t\t\t\t<div class=\"elementor-divider\">\n\t\t\t<span class=\"elementor-divider-separator\">\n\t\t\t\t\t\t<\/span>\n\t\t<\/div>\n\t\t\t\t\t\t<\/div>\n\t\t\t\t<div class=\"elementor-element elementor-element-948fd2e elementor-widget__width-initial elementor-widget elementor-widget-text-editor\" data-id=\"948fd2e\" data-element_type=\"widget\" data-e-type=\"widget\" data-widget_type=\"text-editor.default\">\n\t\t\t\t\t\t\t\t\t<p>Nous sommes une entreprise avec plus de 20 ans d&rsquo;exp\u00e9rience dans le secteur de consulting en gestion d&rsquo;entreprises et gestion de patrimoine. Notre \u00e9quipe est compos\u00e9e d&rsquo;experts en gestion, finances et strat\u00e9gies de march\u00e9. Nous nous d\u00e9dions \u00e0 fournir des solutions compl\u00e8tes qui stimulent la croissance et l&rsquo;efficacit\u00e9 des entreprises, en les aidant \u00e0 naviguer \u00e0 travers les d\u00e9fis du march\u00e9 actuel avec confiance et une perspective strat\u00e9gique.<\/p>\n\t\t\t\t\t\t\t\t<\/div>\n\t\t\t\t<\/div>\n\t\t<div class=\"elementor-element elementor-element-5fc4565 e-con-full e-flex e-con e-child\" data-id=\"5fc4565\" data-element_type=\"container\" data-e-type=\"container\" data-settings=\"{&quot;background_background&quot;:&quot;classic&quot;}\">\n\t\t\t\t<\/div>\n\t\t<div class=\"elementor-element elementor-element-c7eaed6 e-con-full e-flex e-con e-child\" data-id=\"c7eaed6\" data-element_type=\"container\" data-e-type=\"container\" data-settings=\"{&quot;background_background&quot;:&quot;classic&quot;}\">\n\t\t\t\t<\/div>\n\t\t\t\t\t<\/div>\n\t\t\t\t<\/div>\n\t\t\t\t<\/div>\n\t\t","protected":false},"excerpt":{"rendered":"<p>A propos de W Finance Nous sommes une entreprise avec plus de 20 ans d&rsquo;exp\u00e9rience dans le secteur de consulting en gestion d&rsquo;entreprises et gestion de patrimoine. Notre \u00e9quipe est compos\u00e9e d&rsquo;experts en gestion, finances et strat\u00e9gies de march\u00e9. Nous nous d\u00e9dions \u00e0 fournir des solutions compl\u00e8tes qui stimulent la croissance et l&rsquo;efficacit\u00e9 des entreprises, [&hellip;]<\/p>\n","protected":false},"author":1,"featured_media":0,"parent":0,"menu_order":0,"comment_status":"closed","ping_status":"closed","template":"","meta":{"footnotes":""},"class_list":["post-708","page","type-page","status-publish","hentry"],"yoast_head":"<!-- This site is optimized with the Yoast SEO plugin v27.2 - https:\/\/yoast.com\/product\/yoast-seo-wordpress\/ -->\n<title>\u00c0 propos de nous - W Finanzas<\/title>\n<meta name=\"robots\" content=\"index, follow, max-snippet:-1, max-image-preview:large, max-video-preview:-1\" \/>\n<link rel=\"canonical\" href=\"https:\/\/wfinanzas.es\/fr\/a-propos-de-nous\/\" \/>\n<meta property=\"og:locale\" content=\"fr_FR\" \/>\n<meta property=\"og:type\" content=\"article\" \/>\n<meta property=\"og:title\" content=\"\u00c0 propos de nous - W Finanzas\" \/>\n<meta property=\"og:description\" content=\"A propos de W Finance Nous sommes une entreprise avec plus de 20 ans d&rsquo;exp\u00e9rience dans le secteur de consulting en gestion d&rsquo;entreprises et gestion de patrimoine. Notre \u00e9quipe est compos\u00e9e d&rsquo;experts en gestion, finances et strat\u00e9gies de march\u00e9. Nous nous d\u00e9dions \u00e0 fournir des solutions compl\u00e8tes qui stimulent la croissance et l&rsquo;efficacit\u00e9 des entreprises, [&hellip;]\" \/>\n<meta property=\"og:url\" content=\"https:\/\/wfinanzas.es\/fr\/a-propos-de-nous\/\" \/>\n<meta property=\"og:site_name\" content=\"W Finanzas\" \/>\n<meta property=\"article:modified_time\" content=\"2024-06-17T11:17:16+00:00\" \/>\n<meta name=\"twitter:card\" content=\"summary_large_image\" \/>\n<script type=\"application\/ld+json\" class=\"yoast-schema-graph\">{\"@context\":\"https:\/\/schema.org\",\"@graph\":[{\"@type\":\"WebPage\",\"@id\":\"https:\/\/wfinanzas.es\/fr\/a-propos-de-nous\/\",\"url\":\"https:\/\/wfinanzas.es\/fr\/a-propos-de-nous\/\",\"name\":\"\u00c0 propos de nous - W Finanzas\",\"isPartOf\":{\"@id\":\"https:\/\/wfinanzas.es\/#website\"},\"datePublished\":\"2024-06-06T11:00:06+00:00\",\"dateModified\":\"2024-06-17T11:17:16+00:00\",\"breadcrumb\":{\"@id\":\"https:\/\/wfinanzas.es\/fr\/a-propos-de-nous\/#breadcrumb\"},\"inLanguage\":\"fr-FR\",\"potentialAction\":[{\"@type\":\"ReadAction\",\"target\":[\"https:\/\/wfinanzas.es\/fr\/a-propos-de-nous\/\"]}]},{\"@type\":\"BreadcrumbList\",\"@id\":\"https:\/\/wfinanzas.es\/fr\/a-propos-de-nous\/#breadcrumb\",\"itemListElement\":[{\"@type\":\"ListItem\",\"position\":1,\"name\":\"Portada\",\"item\":\"https:\/\/wfinanzas.es\/fr\/home\/\"},{\"@type\":\"ListItem\",\"position\":2,\"name\":\"\u00c0 propos de nous\"}]},{\"@type\":\"WebSite\",\"@id\":\"https:\/\/wfinanzas.es\/#website\",\"url\":\"https:\/\/wfinanzas.es\/\",\"name\":\"W Finanzas\",\"description\":\"\",\"publisher\":{\"@id\":\"https:\/\/wfinanzas.es\/#organization\"},\"potentialAction\":[{\"@type\":\"SearchAction\",\"target\":{\"@type\":\"EntryPoint\",\"urlTemplate\":\"https:\/\/wfinanzas.es\/?s={search_term_string}\"},\"query-input\":{\"@type\":\"PropertyValueSpecification\",\"valueRequired\":true,\"valueName\":\"search_term_string\"}}],\"inLanguage\":\"fr-FR\"},{\"@type\":\"Organization\",\"@id\":\"https:\/\/wfinanzas.es\/#organization\",\"name\":\"W Finanzas\",\"url\":\"https:\/\/wfinanzas.es\/\",\"logo\":{\"@type\":\"ImageObject\",\"inLanguage\":\"fr-FR\",\"@id\":\"https:\/\/wfinanzas.es\/#\/schema\/logo\/image\/\",\"url\":\"https:\/\/wfinanzas.es\/wp-content\/uploads\/2024\/04\/Logo-W-Finanzas-v2-e1717841366758.png\",\"contentUrl\":\"https:\/\/wfinanzas.es\/wp-content\/uploads\/2024\/04\/Logo-W-Finanzas-v2-e1717841366758.png\",\"width\":3924,\"height\":786,\"caption\":\"W Finanzas\"},\"image\":{\"@id\":\"https:\/\/wfinanzas.es\/#\/schema\/logo\/image\/\"}}]}<\/script>\n<!-- \/ Yoast SEO plugin. -->","yoast_head_json":{"title":"\u00c0 propos de nous - W Finanzas","robots":{"index":"index","follow":"follow","max-snippet":"max-snippet:-1","max-image-preview":"max-image-preview:large","max-video-preview":"max-video-preview:-1"},"canonical":"https:\/\/wfinanzas.es\/fr\/a-propos-de-nous\/","og_locale":"fr_FR","og_type":"article","og_title":"\u00c0 propos de nous - W Finanzas","og_description":"A propos de W Finance Nous sommes une entreprise avec plus de 20 ans d&rsquo;exp\u00e9rience dans le secteur de consulting en gestion d&rsquo;entreprises et gestion de patrimoine. Notre \u00e9quipe est compos\u00e9e d&rsquo;experts en gestion, finances et strat\u00e9gies de march\u00e9. Nous nous d\u00e9dions \u00e0 fournir des solutions compl\u00e8tes qui stimulent la croissance et l&rsquo;efficacit\u00e9 des entreprises, [&hellip;]","og_url":"https:\/\/wfinanzas.es\/fr\/a-propos-de-nous\/","og_site_name":"W Finanzas","article_modified_time":"2024-06-17T11:17:16+00:00","twitter_card":"summary_large_image","schema":{"@context":"https:\/\/schema.org","@graph":[{"@type":"WebPage","@id":"https:\/\/wfinanzas.es\/fr\/a-propos-de-nous\/","url":"https:\/\/wfinanzas.es\/fr\/a-propos-de-nous\/","name":"\u00c0 propos de nous - W Finanzas","isPartOf":{"@id":"https:\/\/wfinanzas.es\/#website"},"datePublished":"2024-06-06T11:00:06+00:00","dateModified":"2024-06-17T11:17:16+00:00","breadcrumb":{"@id":"https:\/\/wfinanzas.es\/fr\/a-propos-de-nous\/#breadcrumb"},"inLanguage":"fr-FR","potentialAction":[{"@type":"ReadAction","target":["https:\/\/wfinanzas.es\/fr\/a-propos-de-nous\/"]}]},{"@type":"BreadcrumbList","@id":"https:\/\/wfinanzas.es\/fr\/a-propos-de-nous\/#breadcrumb","itemListElement":[{"@type":"ListItem","position":1,"name":"Portada","item":"https:\/\/wfinanzas.es\/fr\/home\/"},{"@type":"ListItem","position":2,"name":"\u00c0 propos de nous"}]},{"@type":"WebSite","@id":"https:\/\/wfinanzas.es\/#website","url":"https:\/\/wfinanzas.es\/","name":"W Finanzas","description":"","publisher":{"@id":"https:\/\/wfinanzas.es\/#organization"},"potentialAction":[{"@type":"SearchAction","target":{"@type":"EntryPoint","urlTemplate":"https:\/\/wfinanzas.es\/?s={search_term_string}"},"query-input":{"@type":"PropertyValueSpecification","valueRequired":true,"valueName":"search_term_string"}}],"inLanguage":"fr-FR"},{"@type":"Organization","@id":"https:\/\/wfinanzas.es\/#organization","name":"W Finanzas","url":"https:\/\/wfinanzas.es\/","logo":{"@type":"ImageObject","inLanguage":"fr-FR","@id":"https:\/\/wfinanzas.es\/#\/schema\/logo\/image\/","url":"https:\/\/wfinanzas.es\/wp-content\/uploads\/2024\/04\/Logo-W-Finanzas-v2-e1717841366758.png","contentUrl":"https:\/\/wfinanzas.es\/wp-content\/uploads\/2024\/04\/Logo-W-Finanzas-v2-e1717841366758.png","width":3924,"height":786,"caption":"W Finanzas"},"image":{"@id":"https:\/\/wfinanzas.es\/#\/schema\/logo\/image\/"}}]}},"_links":{"self":[{"href":"https:\/\/wfinanzas.es\/fr\/wp-json\/wp\/v2\/pages\/708","targetHints":{"allow":["GET"]}}],"collection":[{"href":"https:\/\/wfinanzas.es\/fr\/wp-json\/wp\/v2\/pages"}],"about":[{"href":"https:\/\/wfinanzas.es\/fr\/wp-json\/wp\/v2\/types\/page"}],"author":[{"embeddable":true,"href":"https:\/\/wfinanzas.es\/fr\/wp-json\/wp\/v2\/users\/1"}],"replies":[{"embeddable":true,"href":"https:\/\/wfinanzas.es\/fr\/wp-json\/wp\/v2\/comments?post=708"}],"version-history":[{"count":0,"href":"https:\/\/wfinanzas.es\/fr\/wp-json\/wp\/v2\/pages\/708\/revisions"}],"wp:attachment":[{"href":"https:\/\/wfinanzas.es\/fr\/wp-json\/wp\/v2\/media?parent=708"}],"curies":[{"name":"wp","href":"https:\/\/api.w.org\/{rel}","templated":true}]}}