{"id":701,"date":"2024-06-06T12:59:43","date_gmt":"2024-06-06T10:59:43","guid":{"rendered":"https:\/\/wfinanzas.witdesarrollo.es\/home\/"},"modified":"2026-01-06T17:39:45","modified_gmt":"2026-01-06T16:39:45","slug":"home","status":"publish","type":"page","link":"https:\/\/wfinanzas.es\/fr\/","title":{"rendered":"Home"},"content":{"rendered":"\t\t<div data-elementor-type=\"wp-page\" data-elementor-id=\"701\" class=\"elementor elementor-701 elementor-11\" data-elementor-post-type=\"page\">\n\t\t\t\t<div class=\"elementor-element elementor-element-192b527 e-con-full e-flex e-con e-parent\" data-id=\"192b527\" data-element_type=\"container\" data-e-type=\"container\" data-settings=\"{&quot;background_background&quot;:&quot;video&quot;,&quot;background_video_start&quot;:0,&quot;background_play_on_mobile&quot;:&quot;yes&quot;,&quot;background_video_link&quot;:&quot;https:\\\/\\\/wfinanzas.es\\\/fr\\\/home\\\/cabecera-w-finanzas\\\/&quot;}\">\n\t\t<div class=\"elementor-background-video-container\">\n\t\t\t\t\t\t\t<video class=\"elementor-background-video-hosted\" role=\"presentation\" autoplay muted playsinline loop><\/video>\n\t\t\t\t\t<\/div>\t\t<\/div>\n\t\t<div class=\"elementor-element elementor-element-3eac368 e-flex e-con-boxed e-con e-parent\" data-id=\"3eac368\" data-element_type=\"container\" data-e-type=\"container\">\n\t\t\t\t\t<div class=\"e-con-inner\">\n\t\t<div class=\"elementor-element elementor-element-4b19cf7 e-flex e-con-boxed e-con e-child\" data-id=\"4b19cf7\" data-element_type=\"container\" data-e-type=\"container\">\n\t\t\t\t\t<div class=\"e-con-inner\">\n\t\t\t\t<div class=\"elementor-element elementor-element-8ed6cd8 elementor-widget__width-initial elementor-widget-tablet__width-initial elementor-widget elementor-widget-heading\" data-id=\"8ed6cd8\" data-element_type=\"widget\" data-e-type=\"widget\" data-widget_type=\"heading.default\">\n\t\t\t\t\t<h1 class=\"elementor-heading-title elementor-size-default\">\u00c0 propos de W Corporate Finance<\/h1>\t\t\t\t<\/div>\n\t\t\t\t<div class=\"elementor-element elementor-element-100e496 elementor-widget__width-initial elementor-widget elementor-widget-text-editor\" data-id=\"100e496\" data-element_type=\"widget\" data-e-type=\"widget\" data-widget_type=\"text-editor.default\">\n\t\t\t\t\t\t\t\t\tNous vous aidons \u00e0 atteindre vos objectifs\t\t\t\t\t\t\t\t<\/div>\n\t\t\t\t\t<\/div>\n\t\t\t\t<\/div>\n\t\t\t\t\t<\/div>\n\t\t\t\t<\/div>\n\t\t<div class=\"elementor-element elementor-element-6d0696c e-flex e-con-boxed e-con e-parent\" data-id=\"6d0696c\" data-element_type=\"container\" data-e-type=\"container\">\n\t\t\t\t\t<div class=\"e-con-inner\">\n\t\t\t\t<div class=\"elementor-element elementor-element-c0af3b4 elementor-widget__width-initial elementor-widget elementor-widget-text-editor\" data-id=\"c0af3b4\" data-element_type=\"widget\" data-e-type=\"widget\" data-widget_type=\"text-editor.default\">\n\t\t\t\t\t\t\t\t\t<p>Chez W Finanzas, nous sommes leaders dans la fourniture de solutions compl\u00e8tes qui stimulent la croissance et la rentabilit\u00e9 de votre entreprise. De l&rsquo;\u00e9laboration de la strat\u00e9gie \u00e0 l&rsquo;ex\u00e9cution et \u00e0 la mise en \u0153uvre globale, nous sommes l\u00e0 pour vous aider \u00e0 atteindre vos objectifs avec succ\u00e8s.<\/p>\t\t\t\t\t\t\t\t<\/div>\n\t\t\t\t<div class=\"elementor-element elementor-element-c0d5597 elementor-widget-tablet__width-initial elementor-widget elementor-widget-image\" data-id=\"c0d5597\" data-element_type=\"widget\" data-e-type=\"widget\" data-widget_type=\"image.default\">\n\t\t\t\t\t\t\t\t\t\t\t\t\t\t\t<img fetchpriority=\"high\" decoding=\"async\" width=\"550\" height=\"763\" src=\"https:\/\/wfinanzas.es\/wp-content\/uploads\/2024\/06\/rascacielos-finanzas-corporativas.png\" class=\"attachment-large size-large wp-image-703\" alt=\"rascacielos-finanzas-corporativas\" srcset=\"https:\/\/wfinanzas.es\/wp-content\/uploads\/2024\/06\/rascacielos-finanzas-corporativas.png 550w, https:\/\/wfinanzas.es\/wp-content\/uploads\/2024\/06\/rascacielos-finanzas-corporativas-216x300.png 216w\" sizes=\"(max-width: 550px) 100vw, 550px\" \/>\t\t\t\t\t\t\t\t\t\t\t\t\t\t\t<\/div>\n\t\t\t\t\t<\/div>\n\t\t\t\t<\/div>\n\t\t<div class=\"elementor-element elementor-element-a6b1337 e-con-full e-flex e-con e-parent\" data-id=\"a6b1337\" data-element_type=\"container\" data-e-type=\"container\" data-settings=\"{&quot;background_background&quot;:&quot;classic&quot;}\">\n\t\t\t\t<div class=\"elementor-element elementor-element-0a3f194 elementor-widget__width-initial elementor-widget elementor-widget-heading\" data-id=\"0a3f194\" data-element_type=\"widget\" data-e-type=\"widget\" data-widget_type=\"heading.default\">\n\t\t\t\t\t<h2 class=\"elementor-heading-title elementor-size-default\">Nos services comprennent<\/h2>\t\t\t\t<\/div>\n\t\t\t\t<div class=\"elementor-element elementor-element-2c9ffb7 elementor-view-default elementor-widget elementor-widget-icon\" data-id=\"2c9ffb7\" data-element_type=\"widget\" data-e-type=\"widget\" data-widget_type=\"icon.default\">\n\t\t\t\t\t\t\t<div class=\"elementor-icon-wrapper\">\n\t\t\t<div class=\"elementor-icon\">\n\t\t\t<svg aria-hidden=\"true\" class=\"e-font-icon-svg e-fas-arrow-down\" viewBox=\"0 0 448 512\" xmlns=\"http:\/\/www.w3.org\/2000\/svg\"><path d=\"M413.1 222.5l22.2 22.2c9.4 9.4 9.4 24.6 0 33.9L241 473c-9.4 9.4-24.6 9.4-33.9 0L12.7 278.6c-9.4-9.4-9.4-24.6 0-33.9l22.2-22.2c9.5-9.5 25-9.3 34.3.4L184 343.4V56c0-13.3 10.7-24 24-24h32c13.3 0 24 10.7 24 24v287.4l114.8-120.5c9.3-9.8 24.8-10 34.3-.4z\"><\/path><\/svg>\t\t\t<\/div>\n\t\t<\/div>\n\t\t\t\t\t\t<\/div>\n\t\t<div class=\"elementor-element elementor-element-1f8d778 e-flex e-con-boxed e-con e-child\" data-id=\"1f8d778\" data-element_type=\"container\" data-e-type=\"container\">\n\t\t\t\t\t<div class=\"e-con-inner\">\n\t\t\t\t<div class=\"elementor-element elementor-element-b1e4e8c elementor-widget elementor-widget-template\" data-id=\"b1e4e8c\" data-element_type=\"widget\" data-e-type=\"widget\" data-widget_type=\"template.default\">\n\t\t\t\t<div class=\"elementor-widget-container\">\n\t\t\t\t\t\t\t<div class=\"elementor-template\">\n\t\t\t\t\t<div data-elementor-type=\"container\" data-elementor-id=\"724\" class=\"elementor elementor-724 elementor-297 elementor-297\" data-elementor-post-type=\"elementor_library\">\n\t\t\t\t<div class=\"elementor-element elementor-element-64ec0273 e-flex e-con-boxed e-con e-child\" data-id=\"64ec0273\" data-element_type=\"container\" data-e-type=\"container\">\n\t\t\t\t\t<div class=\"e-con-inner\">\n\t\t<div class=\"elementor-element elementor-element-7d4893c0 e-con-full mover-hacia-arriba e-flex e-con e-child\" data-id=\"7d4893c0\" data-element_type=\"container\" data-e-type=\"container\">\n\t\t\t\t<div class=\"elementor-element elementor-element-6c1b06d0 elementor-cta--skin-cover elementor-cta--valign-bottom elementor-cta--sequenced-animation elementor-animated-content elementor-widget elementor-widget-call-to-action\" data-id=\"6c1b06d0\" data-element_type=\"widget\" data-e-type=\"widget\" data-widget_type=\"call-to-action.default\">\n\t\t\t\t\t\t\t<div class=\"elementor-cta\">\n\t\t\t\t\t<div class=\"elementor-cta__bg-wrapper\">\n\t\t\t\t<div class=\"elementor-cta__bg elementor-bg\" style=\"background-image: url(https:\/\/wfinanzas.es\/wp-content\/uploads\/2024\/06\/sesion-de-trabajo-direccion-de-empresas.png);\" role=\"img\" aria-label=\"sesion-de-trabajo-direccion-de-empresas\"><\/div>\n\t\t\t\t<div class=\"elementor-cta__bg-overlay\"><\/div>\n\t\t\t<\/div>\n\t\t\t\t\t\t\t<div class=\"elementor-cta__content\">\n\t\t\t\t\n\t\t\t\t\t\t\t\t\t<h3 class=\"elementor-cta__title elementor-cta__content-item elementor-content-item elementor-animated-item--move-up\">\n\t\t\t\t\t\tGESTION D'ENTREPRISE\t\t\t\t\t<\/h3>\n\t\t\t\t\n\t\t\t\t\n\t\t\t\t\t\t\t\t\t<div class=\"elementor-cta__button-wrapper elementor-cta__content-item elementor-content-item elementor-animated-item--move-up\">\n\t\t\t\t\t<a class=\"elementor-cta__button elementor-button elementor-size-\" href=\"https:\/\/wfinanzas.es\/fr\/prestations-de-service\/#empresas\">\n\t\t\t\t\t\tEN SAVOIR PLUS\t\t\t\t\t<\/a>\n\t\t\t\t\t<\/div>\n\t\t\t\t\t\t\t<\/div>\n\t\t\t\t\t\t<\/div>\n\t\t\t\t\t\t<\/div>\n\t\t\t\t<\/div>\n\t\t<div class=\"elementor-element elementor-element-4d56eb13 e-con-full mover-hacia-arriba e-flex e-con e-child\" data-id=\"4d56eb13\" data-element_type=\"container\" data-e-type=\"container\">\n\t\t\t\t<div class=\"elementor-element elementor-element-b1bedcb elementor-cta--skin-cover elementor-cta--valign-bottom elementor-cta--sequenced-animation elementor-animated-content elementor-widget elementor-widget-call-to-action\" data-id=\"b1bedcb\" data-element_type=\"widget\" data-e-type=\"widget\" data-widget_type=\"call-to-action.default\">\n\t\t\t\t\t\t\t<div class=\"elementor-cta\">\n\t\t\t\t\t<div class=\"elementor-cta__bg-wrapper\">\n\t\t\t\t<div class=\"elementor-cta__bg elementor-bg\" style=\"background-image: url(https:\/\/wfinanzas.es\/wp-content\/uploads\/2024\/06\/acuerdo-compra-venta-de-empresas.png);\" role=\"img\" aria-label=\"acuerdo-compra-venta-de-empresas\"><\/div>\n\t\t\t\t<div class=\"elementor-cta__bg-overlay\"><\/div>\n\t\t\t<\/div>\n\t\t\t\t\t\t\t<div class=\"elementor-cta__content\">\n\t\t\t\t\n\t\t\t\t\t\t\t\t\t<h3 class=\"elementor-cta__title elementor-cta__content-item elementor-content-item elementor-animated-item--move-up\">\n\t\t\t\t\t\tACHAT, VENTE ET FUSION D'ENTREPRISES\t\t\t\t\t<\/h3>\n\t\t\t\t\n\t\t\t\t\n\t\t\t\t\t\t\t\t\t<div class=\"elementor-cta__button-wrapper elementor-cta__content-item elementor-content-item elementor-animated-item--move-up\">\n\t\t\t\t\t<a class=\"elementor-cta__button elementor-button elementor-size-\" href=\"https:\/\/wfinanzas.es\/fr\/prestations-de-service\/#compra\">\n\t\t\t\t\t\tEN SAVOIR PLUS\t\t\t\t\t<\/a>\n\t\t\t\t\t<\/div>\n\t\t\t\t\t\t\t<\/div>\n\t\t\t\t\t\t<\/div>\n\t\t\t\t\t\t<\/div>\n\t\t\t\t<\/div>\n\t\t<div class=\"elementor-element elementor-element-7919af9e e-con-full mover-hacia-arriba e-flex e-con e-child\" data-id=\"7919af9e\" data-element_type=\"container\" data-e-type=\"container\">\n\t\t\t\t<div class=\"elementor-element elementor-element-59dbbefe elementor-cta--skin-cover elementor-cta--valign-bottom elementor-cta--sequenced-animation elementor-animated-content elementor-widget elementor-widget-call-to-action\" data-id=\"59dbbefe\" data-element_type=\"widget\" data-e-type=\"widget\" data-widget_type=\"call-to-action.default\">\n\t\t\t\t\t\t\t<div class=\"elementor-cta\">\n\t\t\t\t\t<div class=\"elementor-cta__bg-wrapper\">\n\t\t\t\t<div class=\"elementor-cta__bg elementor-bg\" style=\"background-image: url(https:\/\/wfinanzas.es\/wp-content\/uploads\/2024\/06\/estadisticas-asesoramiento-financiero.png);\" role=\"img\" aria-label=\"estadisticas-asesoramiento-financiero\"><\/div>\n\t\t\t\t<div class=\"elementor-cta__bg-overlay\"><\/div>\n\t\t\t<\/div>\n\t\t\t\t\t\t\t<div class=\"elementor-cta__content\">\n\t\t\t\t\n\t\t\t\t\t\t\t\t\t<h3 class=\"elementor-cta__title elementor-cta__content-item elementor-content-item elementor-animated-item--move-up\">\n\t\t\t\t\t\tCONSEILS FINANCIERS ET PATRIMONIAUX\t\t\t\t\t<\/h3>\n\t\t\t\t\n\t\t\t\t\n\t\t\t\t\t\t\t\t\t<div class=\"elementor-cta__button-wrapper elementor-cta__content-item elementor-content-item elementor-animated-item--move-up\">\n\t\t\t\t\t<a class=\"elementor-cta__button elementor-button elementor-size-\" href=\"https:\/\/wfinanzas.es\/fr\/prestations-de-service\/#asesoramiento\">\n\t\t\t\t\t\tEN SAVOIR PLUS\t\t\t\t\t<\/a>\n\t\t\t\t\t<\/div>\n\t\t\t\t\t\t\t<\/div>\n\t\t\t\t\t\t<\/div>\n\t\t\t\t\t\t<\/div>\n\t\t\t\t<\/div>\n\t\t\t\t\t<\/div>\n\t\t\t\t<\/div>\n\t\t\t\t<\/div>\n\t\t\t\t<\/div>\n\t\t\t\t\t\t<\/div>\n\t\t\t\t<\/div>\n\t\t\t\t\t<\/div>\n\t\t\t\t<\/div>\n\t\t\t\t<div class=\"elementor-element elementor-element-b729ccf elementor-widget__width-initial elementor-widget elementor-widget-text-editor\" data-id=\"b729ccf\" data-element_type=\"widget\" data-e-type=\"widget\" data-widget_type=\"text-editor.default\">\n\t\t\t\t\t\t\t\t\t<p>Chez W Finanzas, nous nous engageons \u00e0 \u00eatre votre partenaire strat\u00e9gique sur la voie de la r\u00e9ussite financi\u00e8re.<\/p>\t\t\t\t\t\t\t\t<\/div>\n\t\t\t\t<\/div>\n\t\t<div class=\"elementor-element elementor-element-b263995 e-flex e-con-boxed e-con e-parent\" data-id=\"b263995\" data-element_type=\"container\" data-e-type=\"container\" data-settings=\"{&quot;background_background&quot;:&quot;classic&quot;}\">\n\t\t\t\t\t<div class=\"e-con-inner\">\n\t\t\t\t<div class=\"elementor-element elementor-element-0891caf elementor-widget__width-initial elementor-widget-tablet__width-initial elementor-widget elementor-widget-text-editor\" data-id=\"0891caf\" data-element_type=\"widget\" data-e-type=\"widget\" data-widget_type=\"text-editor.default\">\n\t\t\t\t\t\t\t\t\t<p>Contactez-nous d\u00e8s aujourd&rsquo;hui pour savoir comment nous pouvons vous aider \u00e0 atteindre vos objectifs commerciaux !<\/p>\t\t\t\t\t\t\t\t<\/div>\n\t\t\t\t<div class=\"elementor-element elementor-element-b7ecc53 elementor-align-left elementor-mobile-align-center elementor-widget-mobile__width-initial elementor-widget elementor-widget-button\" data-id=\"b7ecc53\" data-element_type=\"widget\" data-e-type=\"widget\" data-widget_type=\"button.default\">\n\t\t\t\t\t\t\t\t\t\t<a class=\"elementor-button elementor-button-link elementor-size-sm\" href=\"https:\/\/wfinanzas.es\/fr\/contact\/\">\n\t\t\t\t\t\t<span class=\"elementor-button-content-wrapper\">\n\t\t\t\t\t\t<span class=\"elementor-button-icon\">\n\t\t\t\t<svg aria-hidden=\"true\" class=\"e-font-icon-svg e-fas-arrow-right\" viewBox=\"0 0 448 512\" xmlns=\"http:\/\/www.w3.org\/2000\/svg\"><path d=\"M190.5 66.9l22.2-22.2c9.4-9.4 24.6-9.4 33.9 0L441 239c9.4 9.4 9.4 24.6 0 33.9L246.6 467.3c-9.4 9.4-24.6 9.4-33.9 0l-22.2-22.2c-9.5-9.5-9.3-25 .4-34.3L311.4 296H24c-13.3 0-24-10.7-24-24v-32c0-13.3 10.7-24 24-24h287.4L190.9 101.2c-9.8-9.3-10-24.8-.4-34.3z\"><\/path><\/svg>\t\t\t<\/span>\n\t\t\t\t\t\t\t\t\t<span class=\"elementor-button-text\">CONTACT<\/span>\n\t\t\t\t\t<\/span>\n\t\t\t\t\t<\/a>\n\t\t\t\t\t\t\t\t<\/div>\n\t\t\t\t\t<\/div>\n\t\t\t\t<\/div>\n\t\t\t\t<\/div>\n\t\t","protected":false},"excerpt":{"rendered":"<p>\u00c0 propos de W Corporate Finance Nous vous aidons \u00e0 atteindre vos objectifs Chez W Finanzas, nous sommes leaders dans la fourniture de solutions compl\u00e8tes qui stimulent la croissance et la rentabilit\u00e9 de votre entreprise. De l&rsquo;\u00e9laboration de la strat\u00e9gie \u00e0 l&rsquo;ex\u00e9cution et \u00e0 la mise en \u0153uvre globale, nous sommes l\u00e0 pour vous aider [&hellip;]<\/p>\n","protected":false},"author":1,"featured_media":0,"parent":0,"menu_order":0,"comment_status":"closed","ping_status":"closed","template":"","meta":{"footnotes":""},"class_list":["post-701","page","type-page","status-publish","hentry"],"yoast_head":"<!-- This site is optimized with the Yoast SEO plugin v27.4 - https:\/\/yoast.com\/product\/yoast-seo-wordpress\/ -->\n<title>Asesoramiento financiero de Empresas - W Finanzas<\/title>\n<meta name=\"description\" content=\"Asesoramiento financiero de Empresas ; L\u00edderes en brindar soluciones integrales que impulsan el crecimiento y la rentabilidad de tu empresa\" \/>\n<meta name=\"robots\" content=\"index, follow, max-snippet:-1, max-image-preview:large, max-video-preview:-1\" \/>\n<link rel=\"canonical\" href=\"https:\/\/wfinanzas.es\/fr\/home\/\" \/>\n<meta property=\"og:locale\" content=\"fr_FR\" \/>\n<meta property=\"og:type\" content=\"article\" \/>\n<meta property=\"og:title\" content=\"Asesoramiento financiero de Empresas - W Finanzas\" \/>\n<meta property=\"og:description\" content=\"Asesoramiento financiero de Empresas ; L\u00edderes en brindar soluciones integrales que impulsan el crecimiento y la rentabilidad de tu empresa\" \/>\n<meta property=\"og:url\" content=\"https:\/\/wfinanzas.es\/fr\/home\/\" \/>\n<meta property=\"og:site_name\" content=\"W Finanzas\" \/>\n<meta property=\"article:modified_time\" content=\"2026-01-06T16:39:45+00:00\" \/>\n<meta property=\"og:image\" content=\"https:\/\/wfinanzas.es\/wp-content\/uploads\/2024\/06\/rascacielos-finanzas-corporativas.png\" \/>\n\t<meta property=\"og:image:width\" content=\"550\" \/>\n\t<meta property=\"og:image:height\" content=\"763\" \/>\n\t<meta property=\"og:image:type\" content=\"image\/png\" \/>\n<meta name=\"twitter:card\" content=\"summary_large_image\" \/>\n<script type=\"application\/ld+json\" class=\"yoast-schema-graph\">{\"@context\":\"https:\\\/\\\/schema.org\",\"@graph\":[{\"@type\":\"WebPage\",\"@id\":\"https:\\\/\\\/wfinanzas.es\\\/fr\\\/home\\\/\",\"url\":\"https:\\\/\\\/wfinanzas.es\\\/fr\\\/home\\\/\",\"name\":\"Asesoramiento financiero de Empresas - W Finanzas\",\"isPartOf\":{\"@id\":\"https:\\\/\\\/wfinanzas.es\\\/#website\"},\"primaryImageOfPage\":{\"@id\":\"https:\\\/\\\/wfinanzas.es\\\/fr\\\/home\\\/#primaryimage\"},\"image\":{\"@id\":\"https:\\\/\\\/wfinanzas.es\\\/fr\\\/home\\\/#primaryimage\"},\"thumbnailUrl\":\"https:\\\/\\\/wfinanzas.es\\\/wp-content\\\/uploads\\\/2024\\\/06\\\/rascacielos-finanzas-corporativas.png\",\"datePublished\":\"2024-06-06T10:59:43+00:00\",\"dateModified\":\"2026-01-06T16:39:45+00:00\",\"description\":\"Asesoramiento financiero de Empresas ; L\u00edderes en brindar soluciones integrales que impulsan el crecimiento y la rentabilidad de tu empresa\",\"breadcrumb\":{\"@id\":\"https:\\\/\\\/wfinanzas.es\\\/fr\\\/home\\\/#breadcrumb\"},\"inLanguage\":\"fr-FR\",\"potentialAction\":[{\"@type\":\"ReadAction\",\"target\":[\"https:\\\/\\\/wfinanzas.es\\\/fr\\\/home\\\/\"]}]},{\"@type\":\"ImageObject\",\"inLanguage\":\"fr-FR\",\"@id\":\"https:\\\/\\\/wfinanzas.es\\\/fr\\\/home\\\/#primaryimage\",\"url\":\"https:\\\/\\\/wfinanzas.es\\\/wp-content\\\/uploads\\\/2024\\\/06\\\/rascacielos-finanzas-corporativas.png\",\"contentUrl\":\"https:\\\/\\\/wfinanzas.es\\\/wp-content\\\/uploads\\\/2024\\\/06\\\/rascacielos-finanzas-corporativas.png\"},{\"@type\":\"BreadcrumbList\",\"@id\":\"https:\\\/\\\/wfinanzas.es\\\/fr\\\/home\\\/#breadcrumb\",\"itemListElement\":[{\"@type\":\"ListItem\",\"position\":1,\"name\":\"Portada\",\"item\":\"https:\\\/\\\/wfinanzas.es\\\/fr\\\/home\\\/\"},{\"@type\":\"ListItem\",\"position\":2,\"name\":\"Home\"}]},{\"@type\":\"WebSite\",\"@id\":\"https:\\\/\\\/wfinanzas.es\\\/#website\",\"url\":\"https:\\\/\\\/wfinanzas.es\\\/\",\"name\":\"W Finanzas\",\"description\":\"\",\"publisher\":{\"@id\":\"https:\\\/\\\/wfinanzas.es\\\/#organization\"},\"potentialAction\":[{\"@type\":\"SearchAction\",\"target\":{\"@type\":\"EntryPoint\",\"urlTemplate\":\"https:\\\/\\\/wfinanzas.es\\\/?s={search_term_string}\"},\"query-input\":{\"@type\":\"PropertyValueSpecification\",\"valueRequired\":true,\"valueName\":\"search_term_string\"}}],\"inLanguage\":\"fr-FR\"},{\"@type\":\"Organization\",\"@id\":\"https:\\\/\\\/wfinanzas.es\\\/#organization\",\"name\":\"W Finanzas\",\"url\":\"https:\\\/\\\/wfinanzas.es\\\/\",\"logo\":{\"@type\":\"ImageObject\",\"inLanguage\":\"fr-FR\",\"@id\":\"https:\\\/\\\/wfinanzas.es\\\/#\\\/schema\\\/logo\\\/image\\\/\",\"url\":\"https:\\\/\\\/wfinanzas.es\\\/wp-content\\\/uploads\\\/2024\\\/04\\\/Logo-W-Finanzas-v2-e1717841366758.png\",\"contentUrl\":\"https:\\\/\\\/wfinanzas.es\\\/wp-content\\\/uploads\\\/2024\\\/04\\\/Logo-W-Finanzas-v2-e1717841366758.png\",\"width\":3924,\"height\":786,\"caption\":\"W Finanzas\"},\"image\":{\"@id\":\"https:\\\/\\\/wfinanzas.es\\\/#\\\/schema\\\/logo\\\/image\\\/\"}}]}<\/script>\n<!-- \/ Yoast SEO plugin. -->","yoast_head_json":{"title":"Asesoramiento financiero de Empresas - W Finanzas","description":"Asesoramiento financiero de Empresas ; L\u00edderes en brindar soluciones integrales que impulsan el crecimiento y la rentabilidad de tu empresa","robots":{"index":"index","follow":"follow","max-snippet":"max-snippet:-1","max-image-preview":"max-image-preview:large","max-video-preview":"max-video-preview:-1"},"canonical":"https:\/\/wfinanzas.es\/fr\/home\/","og_locale":"fr_FR","og_type":"article","og_title":"Asesoramiento financiero de Empresas - W Finanzas","og_description":"Asesoramiento financiero de Empresas ; L\u00edderes en brindar soluciones integrales que impulsan el crecimiento y la rentabilidad de tu empresa","og_url":"https:\/\/wfinanzas.es\/fr\/home\/","og_site_name":"W Finanzas","article_modified_time":"2026-01-06T16:39:45+00:00","og_image":[{"width":550,"height":763,"url":"https:\/\/wfinanzas.es\/wp-content\/uploads\/2024\/06\/rascacielos-finanzas-corporativas.png","type":"image\/png"}],"twitter_card":"summary_large_image","schema":{"@context":"https:\/\/schema.org","@graph":[{"@type":"WebPage","@id":"https:\/\/wfinanzas.es\/fr\/home\/","url":"https:\/\/wfinanzas.es\/fr\/home\/","name":"Asesoramiento financiero de Empresas - W Finanzas","isPartOf":{"@id":"https:\/\/wfinanzas.es\/#website"},"primaryImageOfPage":{"@id":"https:\/\/wfinanzas.es\/fr\/home\/#primaryimage"},"image":{"@id":"https:\/\/wfinanzas.es\/fr\/home\/#primaryimage"},"thumbnailUrl":"https:\/\/wfinanzas.es\/wp-content\/uploads\/2024\/06\/rascacielos-finanzas-corporativas.png","datePublished":"2024-06-06T10:59:43+00:00","dateModified":"2026-01-06T16:39:45+00:00","description":"Asesoramiento financiero de Empresas ; L\u00edderes en brindar soluciones integrales que impulsan el crecimiento y la rentabilidad de tu empresa","breadcrumb":{"@id":"https:\/\/wfinanzas.es\/fr\/home\/#breadcrumb"},"inLanguage":"fr-FR","potentialAction":[{"@type":"ReadAction","target":["https:\/\/wfinanzas.es\/fr\/home\/"]}]},{"@type":"ImageObject","inLanguage":"fr-FR","@id":"https:\/\/wfinanzas.es\/fr\/home\/#primaryimage","url":"https:\/\/wfinanzas.es\/wp-content\/uploads\/2024\/06\/rascacielos-finanzas-corporativas.png","contentUrl":"https:\/\/wfinanzas.es\/wp-content\/uploads\/2024\/06\/rascacielos-finanzas-corporativas.png"},{"@type":"BreadcrumbList","@id":"https:\/\/wfinanzas.es\/fr\/home\/#breadcrumb","itemListElement":[{"@type":"ListItem","position":1,"name":"Portada","item":"https:\/\/wfinanzas.es\/fr\/home\/"},{"@type":"ListItem","position":2,"name":"Home"}]},{"@type":"WebSite","@id":"https:\/\/wfinanzas.es\/#website","url":"https:\/\/wfinanzas.es\/","name":"W Finanzas","description":"","publisher":{"@id":"https:\/\/wfinanzas.es\/#organization"},"potentialAction":[{"@type":"SearchAction","target":{"@type":"EntryPoint","urlTemplate":"https:\/\/wfinanzas.es\/?s={search_term_string}"},"query-input":{"@type":"PropertyValueSpecification","valueRequired":true,"valueName":"search_term_string"}}],"inLanguage":"fr-FR"},{"@type":"Organization","@id":"https:\/\/wfinanzas.es\/#organization","name":"W Finanzas","url":"https:\/\/wfinanzas.es\/","logo":{"@type":"ImageObject","inLanguage":"fr-FR","@id":"https:\/\/wfinanzas.es\/#\/schema\/logo\/image\/","url":"https:\/\/wfinanzas.es\/wp-content\/uploads\/2024\/04\/Logo-W-Finanzas-v2-e1717841366758.png","contentUrl":"https:\/\/wfinanzas.es\/wp-content\/uploads\/2024\/04\/Logo-W-Finanzas-v2-e1717841366758.png","width":3924,"height":786,"caption":"W Finanzas"},"image":{"@id":"https:\/\/wfinanzas.es\/#\/schema\/logo\/image\/"}}]}},"_links":{"self":[{"href":"https:\/\/wfinanzas.es\/fr\/wp-json\/wp\/v2\/pages\/701","targetHints":{"allow":["GET"]}}],"collection":[{"href":"https:\/\/wfinanzas.es\/fr\/wp-json\/wp\/v2\/pages"}],"about":[{"href":"https:\/\/wfinanzas.es\/fr\/wp-json\/wp\/v2\/types\/page"}],"author":[{"embeddable":true,"href":"https:\/\/wfinanzas.es\/fr\/wp-json\/wp\/v2\/users\/1"}],"replies":[{"embeddable":true,"href":"https:\/\/wfinanzas.es\/fr\/wp-json\/wp\/v2\/comments?post=701"}],"version-history":[{"count":3,"href":"https:\/\/wfinanzas.es\/fr\/wp-json\/wp\/v2\/pages\/701\/revisions"}],"predecessor-version":[{"id":868,"href":"https:\/\/wfinanzas.es\/fr\/wp-json\/wp\/v2\/pages\/701\/revisions\/868"}],"wp:attachment":[{"href":"https:\/\/wfinanzas.es\/fr\/wp-json\/wp\/v2\/media?parent=701"}],"curies":[{"name":"wp","href":"https:\/\/api.w.org\/{rel}","templated":true}]}}